{"id":124,"date":"2024-05-02T13:44:13","date_gmt":"2024-05-02T13:44:13","guid":{"rendered":"http:\/\/mnecc.net.com.uy\/?page_id=124"},"modified":"2024-05-07T16:29:11","modified_gmt":"2024-05-07T16:29:11","slug":"124-2","status":"publish","type":"page","link":"https:\/\/mnecc.uy\/?page_id=124","title":{"rendered":"Historia"},"content":{"rendered":"<p>[et_pb_section fb_built=\u00bb1&#8243; fullwidth=\u00bbon\u00bb admin_label=\u00bbhistoria\u00bb _builder_version=\u00bb4.25.0&#8243; background_enable_color=\u00bboff\u00bb background_image=\u00bbhttps:\/\/mnecc.uy\/wp-content\/uploads\/2024\/04\/foto_historia.jpg\u00bb hover_enabled=\u00bb0&#8243; global_colors_info=\u00bb{}\u00bb min_height=\u00bb299px\u00bb min_height_last_edited=\u00bbon|phone\u00bb sticky_enabled=\u00bb0&#8243; min_height_tablet=\u00bb299px\u00bb min_height_phone=\u00bb299px\u00bb][et_pb_fullwidth_header title=\u00bbHistoria\u00bb text_orientation=\u00bbcenter\u00bb admin_label=\u00bbHero Section\u00bb _builder_version=\u00bb4.25.0&#8243; title_font=\u00bbMontserrat|on|||\u00bb title_font_size=\u00bb60px\u00bb title_line_height=\u00bb1.4em\u00bb content_font_size=\u00bb22px\u00bb content_line_height=\u00bb1.8em\u00bb subhead_font=\u00bb||||\u00bb background_color=\u00bbrgba(255, 255, 255, 0)\u00bb custom_button_one=\u00bbon\u00bb button_one_text_size=\u00bb16px\u00bb button_one_bg_color=\u00bb#6eba01&#8243; button_one_border_width=\u00bb2px\u00bb button_one_border_color=\u00bb#6eba01&#8243; button_one_border_radius=\u00bb0&#8243; button_one_letter_spacing=\u00bb2&#8243; button_one_font=\u00bbMontserrat|||on|\u00bb button_one_use_icon=\u00bboff\u00bb custom_button_two=\u00bbon\u00bb button_two_text_size=\u00bb16px\u00bb button_two_border_width=\u00bb2px\u00bb button_two_border_color=\u00bb#ffffff\u00bb button_two_border_radius=\u00bb0&#8243; button_two_letter_spacing=\u00bb2&#8243; button_two_font=\u00bbMontserrat|||on|\u00bb button_two_use_icon=\u00bboff\u00bb module_alignment=\u00bbleft\u00bb animation_style=\u00bbfade\u00bb button_one_text_color_hover=\u00bb#6eba01&#8243; button_two_text_color_hover=\u00bb#6eba01&#8243; button_one_border_color_hover=\u00bb#ffffff\u00bb button_two_border_color_hover=\u00bb#ffffff\u00bb button_one_border_radius_hover=\u00bb0&#8243; button_two_border_radius_hover=\u00bb0&#8243; button_one_letter_spacing_hover=\u00bb2&#8243; button_two_letter_spacing_hover=\u00bb2&#8243; button_one_bg_color_hover=\u00bb#ffffff\u00bb button_two_bg_color_hover=\u00bb#ffffff\u00bb global_colors_info=\u00bb{}\u00bb button_one_text_size__hover_enabled=\u00bboff\u00bb button_two_text_size__hover_enabled=\u00bboff\u00bb button_one_text_color__hover_enabled=\u00bbon\u00bb button_one_text_color__hover=\u00bb#6eba01&#8243; button_two_text_color__hover_enabled=\u00bbon\u00bb button_two_text_color__hover=\u00bb#6eba01&#8243; button_one_border_width__hover_enabled=\u00bboff\u00bb button_two_border_width__hover_enabled=\u00bboff\u00bb button_one_border_color__hover_enabled=\u00bbon\u00bb button_one_border_color__hover=\u00bb#ffffff\u00bb button_two_border_color__hover_enabled=\u00bbon\u00bb button_two_border_color__hover=\u00bb#ffffff\u00bb button_one_border_radius__hover_enabled=\u00bbon\u00bb button_one_border_radius__hover=\u00bb0&#8243; button_two_border_radius__hover_enabled=\u00bbon\u00bb button_two_border_radius__hover=\u00bb0&#8243; button_one_letter_spacing__hover_enabled=\u00bbon\u00bb button_one_letter_spacing__hover=\u00bb2&#8243; button_two_letter_spacing__hover_enabled=\u00bbon\u00bb button_two_letter_spacing__hover=\u00bb2&#8243; button_one_bg_color__hover_enabled=\u00bbon\u00bb button_one_bg_color__hover=\u00bb#ffffff\u00bb button_two_bg_color__hover_enabled=\u00bbon\u00bb button_two_bg_color__hover=\u00bb#ffffff\u00bb][\/et_pb_fullwidth_header][\/et_pb_section][et_pb_section fb_built=\u00bb1&#8243; admin_label=\u00bbServices\u00bb _builder_version=\u00bb4.16&#8243; custom_padding=\u00bb37px||75px|||\u00bb locked=\u00bboff\u00bb global_colors_info=\u00bb{}\u00bb][et_pb_row _builder_version=\u00bb4.16&#8243; background_size=\u00bbinitial\u00bb background_position=\u00bbtop_left\u00bb background_repeat=\u00bbrepeat\u00bb custom_width_px=\u00bb710px\u00bb global_colors_info=\u00bb{}\u00bb][et_pb_column type=\u00bb4_4&#8243; _builder_version=\u00bb4.16&#8243; background_position=\u00bbtop_left\u00bb custom_padding=\u00bb|||\u00bb global_colors_info=\u00bb{}\u00bb custom_padding__hover=\u00bb|||\u00bb][et_pb_divider divider_weight=\u00bb3px\u00bb disabled_on=\u00bboff|off|off\u00bb _builder_version=\u00bb4.25.0&#8243; background_color_gradient_direction=\u00bb90deg\u00bb max_width=\u00bb100px\u00bb module_alignment=\u00bbcenter\u00bb height=\u00bb5px\u00bb custom_margin=\u00bb||20px|\u00bb custom_padding=\u00bb||20px|\u00bb animation_style=\u00bbslide\u00bb animation_direction=\u00bbbottom\u00bb saved_tabs=\u00bball\u00bb locked=\u00bboff\u00bb global_colors_info=\u00bb{}\u00bb][\/et_pb_divider][et_pb_text admin_label=\u00bbServices Section Subtitle\u00bb _builder_version=\u00bb4.25.0&#8243; text_font_size=\u00bb16px\u00bb text_line_height=\u00bb1.9em\u00bb background_size=\u00bbinitial\u00bb background_position=\u00bbtop_left\u00bb background_repeat=\u00bbrepeat\u00bb text_orientation=\u00bbcenter\u00bb max_width=\u00bb710px\u00bb module_alignment=\u00bbcenter\u00bb animation_style=\u00bbfold\u00bb animation_direction=\u00bbbottom\u00bb animation_intensity_fold=\u00bb20%\u00bb global_colors_info=\u00bb{}\u00bb]<\/p>\n<ul>\n<li style=\"text-align: left;\">1985 &#8211; Jornadas Norte\u00f1a de Cebada Cervecera \u2013 CYMPAY San Jos\u00e9<\/li>\n<li style=\"text-align: left;\">1986 &#8211; Jornadas Norte\u00f1a de Cebada Cervecera \u2013 CYMPAY Montevideo<\/li>\n<li style=\"text-align: left;\">1989 &#8211; Jornadas Norte\u00f1a de Cebada Cervecera (Parque Hotel, Montevideo)<\/li>\n<li style=\"text-align: left;\">1989-1991 &#8211; Proyecto FAO\/PNUD desarrollado en el \u00e1mbito de INIA \u2013 Mej Gen\u00e9tico, control de enfermedades y manejo.<\/li>\n<li style=\"text-align: left;\">1991 &#8211; MayoReuni\u00f3n Nacional de Investigadores de Cebada, INIA \u201cLa Estanzuela<\/li>\n<li style=\"text-align: left;\">Junio &#8211; Reuni\u00f3n preparatoria de la \u201cMesa Nacional de Cebada\u201d realizada en el campo experimental de FNC.<\/li>\n<li style=\"text-align: left;\">Agosto &#8211; Se firma un acuerdo de trabajo entre CYMPAY, FNC, MUSA, SALUS, FAGRO e INIA \u2013 Programa Nacional de Investigaci\u00f3n y Mejora Tecnol\u00f3gica del cultivo y del proceso de cebada cervecera.<\/li>\n<li style=\"text-align: left;\">24\/09\/1992 &#8211; Se firma el convenio entre Agroindustrias Malteras y Centros de Investigaci\u00f3n del Uruguay firmantes del acuerdo anterior m\u00e1s el LATU. Se fijan los objetivos del Programa.<\/li>\n<li style=\"text-align: left;\">1991-1995 &#8211; Reuni\u00f3n Nacional de Investigadores de Cebada<\/li>\n<li style=\"text-align: left;\">1992 -2000 &#8211; Etapa de consolidaci\u00f3n de relaciones entre los participantes de la MNC y afianzamiento de las l\u00edneas de investigaci\u00f3n<\/li>\n<li style=\"text-align: left;\">1999 &#8211; Presentaci\u00f3n del proyecto conjunto de investigaci\u00f3n a tres a\u00f1os en el marco del PDT al Consejo Nacional de Ciencia y Tecnolog\u00eda1999III Congreso Latinoamericano de Cebada realizado en Colonia<\/li>\n<li style=\"text-align: left;\">2001 &#8211; 2002 &#8211; Per\u00edodo de latencia, no se realizan actividades conjuntas en la MNC<\/li>\n<li style=\"text-align: left;\">2003 &#8211; Etapa de reorganizaci\u00f3n, se retoman los proyectos de investigaci\u00f3n acordados entre empresas e institutos de investigaci\u00f3n<\/li>\n<li style=\"text-align: left;\">2007 &#8211; Jornadas de Investigacion de Cebada organizadas por los 100 a\u00f1os de Fagro. Paysandu<\/li>\n<li style=\"text-align: left;\">2010 &#8211; Integraci\u00f3n de INASE a la MNECC<\/li>\n<li style=\"text-align: left;\">2010 &#8211; Seminario \u201cNuevos aspectos para el ajuste de la fertilizaci\u00f3n en cebada cervecera- Red Nacional de N y S, 2008 y 2009- Palmar.<\/li>\n<li style=\"text-align: left;\">2014 &#8211; Jornada T\u00e9cnica de Cebada Cervecera<\/li>\n<li style=\"text-align: left;\">2015 &#8211; Taller Descripci\u00f3n de Cultivares de Cebada en Uruguay. (MNECC \u2013 INASE)<\/li>\n<li style=\"text-align: left;\">2016 &#8211; Jornada T\u00e9cnica de Cebada Cervecera2017Jornada de Cultivos de Invierno (MNECC, MTO, MT, FUCREA e INIA)<\/li>\n<li style=\"text-align: left;\">2018 &#8211; Jornada T\u00e9cnica de Cebada Cervecera<\/li>\n<li style=\"text-align: left;\">2021 &#8211; 1er Jornada Nacional de Cultivos de Invierno (MNECC FUCREA MTO MNT)<\/li>\n<li style=\"text-align: left;\">2022 &#8211; 2da Jornada Nacional de Cultivos de Invierno (MNECC FUCREA MTO MNT)<\/li>\n<\/ul>\n<p>[\/et_pb_text][\/et_pb_column][\/et_pb_row][\/et_pb_section]<\/p>\n","protected":false},"excerpt":{"rendered":"<p>1985 &#8211; Jornadas Norte\u00f1a de Cebada Cervecera \u2013 CYMPAY San Jos\u00e9 1986 &#8211; Jornadas Norte\u00f1a de Cebada Cervecera \u2013 CYMPAY Montevideo 1989 &#8211; Jornadas Norte\u00f1a de Cebada Cervecera (Parque Hotel, Montevideo) 1989-1991 &#8211; Proyecto FAO\/PNUD desarrollado en el \u00e1mbito de INIA \u2013 Mej Gen\u00e9tico, control de enfermedades y manejo. 1991 &#8211; MayoReuni\u00f3n Nacional de Investigadores [&hellip;]<\/p>\n","protected":false},"author":1,"featured_media":0,"parent":0,"menu_order":0,"comment_status":"closed","ping_status":"closed","template":"","meta":{"_et_pb_use_builder":"on","_et_pb_old_content":"","_et_gb_content_width":"","footnotes":""},"class_list":["post-124","page","type-page","status-publish","hentry"],"_links":{"self":[{"href":"https:\/\/mnecc.uy\/index.php?rest_route=\/wp\/v2\/pages\/124","targetHints":{"allow":["GET"]}}],"collection":[{"href":"https:\/\/mnecc.uy\/index.php?rest_route=\/wp\/v2\/pages"}],"about":[{"href":"https:\/\/mnecc.uy\/index.php?rest_route=\/wp\/v2\/types\/page"}],"author":[{"embeddable":true,"href":"https:\/\/mnecc.uy\/index.php?rest_route=\/wp\/v2\/users\/1"}],"replies":[{"embeddable":true,"href":"https:\/\/mnecc.uy\/index.php?rest_route=%2Fwp%2Fv2%2Fcomments&post=124"}],"version-history":[{"count":4,"href":"https:\/\/mnecc.uy\/index.php?rest_route=\/wp\/v2\/pages\/124\/revisions"}],"predecessor-version":[{"id":160,"href":"https:\/\/mnecc.uy\/index.php?rest_route=\/wp\/v2\/pages\/124\/revisions\/160"}],"wp:attachment":[{"href":"https:\/\/mnecc.uy\/index.php?rest_route=%2Fwp%2Fv2%2Fmedia&parent=124"}],"curies":[{"name":"wp","href":"https:\/\/api.w.org\/{rel}","templated":true}]}}